{"id":65,"date":"2013-04-27T12:10:00","date_gmt":"2013-04-27T12:10:00","guid":{"rendered":"http:\/\/testing.english-for-law.de\/?page_id=65"},"modified":"2016-01-16T05:55:25","modified_gmt":"2016-01-16T05:55:25","slug":"profil","status":"publish","type":"page","link":"http:\/\/english-for-law.eu\/?page_id=65","title":{"rendered":"Profil"},"content":{"rendered":"<div id=\"attachment_205\" style=\"width: 160px\" class=\"wp-caption alignnone\"><a href=\"http:\/\/english-for-law.de\/wp-content\/uploads\/2013\/04\/myriam_pro2.jpg\"><img aria-describedby=\"caption-attachment-205\" decoding=\"async\" loading=\"lazy\" class=\"size-thumbnail wp-image-205\" alt=\"Rechtsanw\u00e4ltin  Myriam Farhand\" src=\"http:\/\/english-for-law.de\/wp-content\/uploads\/2013\/04\/myriam_pro2-150x150.jpg\" width=\"150\" height=\"150\" srcset=\"http:\/\/english-for-law.eu\/wp-content\/uploads\/2013\/04\/myriam_pro2-150x150.jpg 150w, http:\/\/english-for-law.eu\/wp-content\/uploads\/2013\/04\/myriam_pro2-80x80.jpg 80w, http:\/\/english-for-law.eu\/wp-content\/uploads\/2013\/04\/myriam_pro2.jpg 200w\" sizes=\"(max-width: 150px) 100vw, 150px\" \/><\/a><p id=\"caption-attachment-205\" class=\"wp-caption-text\">Rechtsanw\u00e4ltin<br \/>Myriam Farhand<\/p><\/div>\n<ul>\n<li>Lehrbeauftragte der Universit\u00e4t Heidelberg und der Dualen Hochschulen Mannheim und Ludwigshafen<\/li>\n<\/ul>\n<ul>\n<li>In-House Trainerin f\u00fcr Rechtsenglisch und Wirtschaftsenglisch f\u00fcr Kanzleien und internationale Unternehmen in der Metropolregion Rhein-Neckar<\/li>\n<\/ul>\n<ul>\n<li>Dozentin f\u00fcr Legal English im Rahmen der Zusatzqualifikationen f\u00fcr Rechtsreferendare im juristischen Vorbereitungsdienst<\/li>\n<\/ul>\n<ul>\n<li>Selbst\u00e4ndige \u00dcbersetzert\u00e4tigkeit<\/li>\n<\/ul>\n","protected":false},"excerpt":{"rendered":"<p>Willkommen auf meiner Seite! Um mehr \u00fcber mich zu erfahren, klicken Sie auf Profil.<\/p>\n","protected":false},"author":1,"featured_media":207,"parent":0,"menu_order":0,"comment_status":"closed","ping_status":"closed","template":"page-template-contact.php","meta":[],"_links":{"self":[{"href":"http:\/\/english-for-law.eu\/index.php?rest_route=\/wp\/v2\/pages\/65"}],"collection":[{"href":"http:\/\/english-for-law.eu\/index.php?rest_route=\/wp\/v2\/pages"}],"about":[{"href":"http:\/\/english-for-law.eu\/index.php?rest_route=\/wp\/v2\/types\/page"}],"author":[{"embeddable":true,"href":"http:\/\/english-for-law.eu\/index.php?rest_route=\/wp\/v2\/users\/1"}],"replies":[{"embeddable":true,"href":"http:\/\/english-for-law.eu\/index.php?rest_route=%2Fwp%2Fv2%2Fcomments&post=65"}],"version-history":[{"count":13,"href":"http:\/\/english-for-law.eu\/index.php?rest_route=\/wp\/v2\/pages\/65\/revisions"}],"predecessor-version":[{"id":188,"href":"http:\/\/english-for-law.eu\/index.php?rest_route=\/wp\/v2\/pages\/65\/revisions\/188"}],"wp:featuredmedia":[{"embeddable":true,"href":"http:\/\/english-for-law.eu\/index.php?rest_route=\/wp\/v2\/media\/207"}],"wp:attachment":[{"href":"http:\/\/english-for-law.eu\/index.php?rest_route=%2Fwp%2Fv2%2Fmedia&parent=65"}],"curies":[{"name":"wp","href":"https:\/\/api.w.org\/{rel}","templated":true}]}}