{"id":56,"date":"2013-04-27T12:02:44","date_gmt":"2013-04-27T12:02:44","guid":{"rendered":"http:\/\/testing.english-for-law.de\/?page_id=56"},"modified":"2016-01-16T05:53:56","modified_gmt":"2016-01-16T05:53:56","slug":"56-2","status":"publish","type":"page","link":"http:\/\/english-for-law.eu\/?page_id=56","title":{"rendered":"Trainingsorte"},"content":{"rendered":"<h5>Flexibilit\u00e4t besteht auch in der Wahl der Trainingsorte:<\/h5>\n<ul>\n<li>in meinen B\u00fcror\u00e4umen in 68526 Ladenburg, Kirchenstra\u00dfe 47<\/li>\n<li>direkt in Ihrer Kanzlei oder Ihrem Unternehmen<\/li>\n<li>bei Beh\u00f6rden und Gerichten<\/li>\n<li>via Skype:\u00a0mrfarhand<\/li>\n<\/ul>\n","protected":false},"excerpt":{"rendered":"<p>Flexibilit\u00e4t besteht auch in der Wahl der Trainingsorte: in meinen B\u00fcror\u00e4umen in 68526 Ladenburg, Kirchenstra\u00dfe 47 direkt in Ihrer Kanzlei oder Ihrem Unternehmen bei Beh\u00f6rden und Gerichten via Skype:\u00a0mrfarhand<\/p>\n","protected":false},"author":1,"featured_media":0,"parent":0,"menu_order":0,"comment_status":"closed","ping_status":"closed","template":"page-template-contact.php","meta":[],"_links":{"self":[{"href":"http:\/\/english-for-law.eu\/index.php?rest_route=\/wp\/v2\/pages\/56"}],"collection":[{"href":"http:\/\/english-for-law.eu\/index.php?rest_route=\/wp\/v2\/pages"}],"about":[{"href":"http:\/\/english-for-law.eu\/index.php?rest_route=\/wp\/v2\/types\/page"}],"author":[{"embeddable":true,"href":"http:\/\/english-for-law.eu\/index.php?rest_route=\/wp\/v2\/users\/1"}],"replies":[{"embeddable":true,"href":"http:\/\/english-for-law.eu\/index.php?rest_route=%2Fwp%2Fv2%2Fcomments&post=56"}],"version-history":[{"count":1,"href":"http:\/\/english-for-law.eu\/index.php?rest_route=\/wp\/v2\/pages\/56\/revisions"}],"predecessor-version":[{"id":213,"href":"http:\/\/english-for-law.eu\/index.php?rest_route=\/wp\/v2\/pages\/56\/revisions\/213"}],"wp:attachment":[{"href":"http:\/\/english-for-law.eu\/index.php?rest_route=%2Fwp%2Fv2%2Fmedia&parent=56"}],"curies":[{"name":"wp","href":"https:\/\/api.w.org\/{rel}","templated":true}]}}