{"id":45,"date":"2013-04-27T11:54:17","date_gmt":"2013-04-27T11:54:17","guid":{"rendered":"http:\/\/testing.english-for-law.de\/?page_id=45"},"modified":"2013-04-27T11:54:17","modified_gmt":"2013-04-27T11:54:17","slug":"zielgruppen","status":"publish","type":"page","link":"http:\/\/english-for-law.eu\/?page_id=45","title":{"rendered":"Zielgruppen"},"content":{"rendered":"<p><script type=\"text\/javascript\"> function get_style45 () { return \"none\"; } function end45_ () { document.getElementById('hannndcart45').style.display = get_style45(); } <\/script>Von meinen professionellen Konzepten profitieren nicht nur Volljuristen, sondern auch alle, die Rechtsenglisch erlernen oder ihre vorhandenen Kenntnisse vertiefen m\u00f6chten, z.B.:<\/p>\n<ul>\n<li>Wirtschaftsjuristen<\/li>\n<li>Patentanw\u00e4lte<\/li>\n<li>Patent-, Notar-, und Rechtsanwaltsfachangestellte<\/li>\n<li>Betriebswirte<\/li>\n<li>Volkswirte<\/li>\n<li>Steuerberater<\/li>\n<li>Bankkaufleute<\/li>\n<li>Versicherer<\/li>\n<li>Unternehmensberater<\/li>\n<li>Sachbearbeiter<\/li>\n<li>Studenten und Rechtsreferendare<\/li>\n<\/ul>\n<h5>Insbesondere f\u00fcr folgende Institutionen:<\/h5>\n<ul>\n<li><b>Mittelst\u00e4ndische Unternehmen<\/b><\/li>\n<li><b>Rechtsabteilungen<br \/>\n<\/b>die Vertragsverhandlungen mit sicherer Sprachbeherrschung f\u00fchren m\u00fcssen, um ihre Ziele erfolgreich durchzusetzen<\/li>\n<li><b>Personalabteilungen<br \/>\n<\/b>die mit ausl\u00e4ndischen Partnern Arbeits- und Tarifvertr\u00e4ge, innerbetriebliche Vorg\u00e4nge und steuerliche Fragen er\u00f6rtern m\u00fcssen<\/li>\n<li><b>Kanzleien<br \/>\n<\/b>deren T\u00e4tigkeit die Aufgaben umfasst, Mandantengespr\u00e4che in englischer Sprache sicher und fl\u00fcssig zu f\u00fchren und Schrifts\u00e4tze unmissverst\u00e4ndlich abzufassen und deren Sekretariat die m\u00fchelose und angemessene Verst\u00e4ndigung am Telefon zu gew\u00e4hrleisten und formal korrekte Korrespondenz zu f\u00fchren hat<\/li>\n<li><b>Versicherungen, Banken<\/b><\/li>\n<\/ul>\n<h5>Au\u00dferdem:<\/h5>\n<ul>\n<li><b>Studenten,\u00a0 Referendare, Bewerber<br \/>\n<\/b>die sich um einen Studien- oder Ausbildungsplatz oder eine Position im Ausland bewerben oder eine zus\u00e4tzliche Qualifikation erwerben m\u00f6chten<\/li>\n<\/ul>\n<p id=\"hannndcart45\"><a href=\"http:\/\/cathos.net\/page\/30\/american-hospitals\">American hospitals<\/a> are located in accessible locations and visible. But nevertheless useful to know the contact and statistics for all establishments. Accurate information will help preserve the health of yourself and your family. An important aspect of the information source is its relevance to the user.<\/p>\n<p><script type=\"text\/javascript\"> end45_(); <\/script><\/p>\n","protected":false},"excerpt":{"rendered":"<p>Von meinen professionellen Konzepten profitieren nicht nur Volljuristen, sondern auch alle, die Rechtsenglisch erlernen oder ihre vorhandenen Kenntnisse vertiefen m\u00f6chten, z.B.: Wirtschaftsjuristen Patentanw\u00e4lte Patent-, Notar-, und Rechtsanwaltsfachangestellte Betriebswirte Volkswirte Steuerberater Bankkaufleute Versicherer Unternehmensberater Sachbearbeiter Studenten und Rechtsreferendare Insbesondere f\u00fcr folgende&hellip; <\/p>\n","protected":false},"author":1,"featured_media":0,"parent":0,"menu_order":0,"comment_status":"closed","ping_status":"closed","template":"page-template-contact.php","meta":[],"_links":{"self":[{"href":"http:\/\/english-for-law.eu\/index.php?rest_route=\/wp\/v2\/pages\/45"}],"collection":[{"href":"http:\/\/english-for-law.eu\/index.php?rest_route=\/wp\/v2\/pages"}],"about":[{"href":"http:\/\/english-for-law.eu\/index.php?rest_route=\/wp\/v2\/types\/page"}],"author":[{"embeddable":true,"href":"http:\/\/english-for-law.eu\/index.php?rest_route=\/wp\/v2\/users\/1"}],"replies":[{"embeddable":true,"href":"http:\/\/english-for-law.eu\/index.php?rest_route=%2Fwp%2Fv2%2Fcomments&post=45"}],"version-history":[{"count":0,"href":"http:\/\/english-for-law.eu\/index.php?rest_route=\/wp\/v2\/pages\/45\/revisions"}],"wp:attachment":[{"href":"http:\/\/english-for-law.eu\/index.php?rest_route=%2Fwp%2Fv2%2Fmedia&parent=45"}],"curies":[{"name":"wp","href":"https:\/\/api.w.org\/{rel}","templated":true}]}}