{"id":174,"date":"2013-04-27T09:25:20","date_gmt":"2013-04-27T09:25:20","guid":{"rendered":"http:\/\/testing.english-for-law.de\/?page_id=2"},"modified":"2016-01-16T05:51:55","modified_gmt":"2016-01-16T05:51:55","slug":"sample-page-2","status":"publish","type":"page","link":"http:\/\/english-for-law.eu\/","title":{"rendered":"Rechtsenglisch in der Metropolregion Rhein-Neckar"},"content":{"rendered":"<h5>Rechtsenglisch\u00a0 in der Metropolregion Rhein-Neckar<\/h5>\n<ul>\n<li>Sie sind <b>Jurist(in)<\/b> und m\u00f6chten international arbeiten?<\/li>\n<li>Sie sind in der <b>Wirtschaft<\/b> t\u00e4tig und wollen in Rechtsfragen mit Partnern <b>international <\/b>kompetent korrespondieren und verhandeln k\u00f6nnen?<\/li>\n<li>Sie m\u00f6chten <b>Rechtsenglisch<\/b> erlernen oder Ihre vorhandenen Kenntnisse vertiefen?<\/li>\n<li>Sie m\u00f6chten ein <strong>anerkanntes Sprachzertifikat<\/strong> erwerben?<\/li>\n<li>Sie m\u00f6chten ein <b>professionelles Einzeltraining<\/b> oder ein intensives Training in einer kleinen Gruppe?<\/li>\n<li>Sie m\u00f6chten sich bewerben und auf ein <b>Vorstellungsgespr\u00e4ch<\/b> vorbereiten?<\/li>\n<\/ul>\n<h5>\u2026dann bin ich Ihre richtige Ansprechpartnerin!<\/h5>\n<h5>Bitte informieren Sie sich und nehmen Sie Kontakt mit mir auf.<\/h5>\n","protected":false},"excerpt":{"rendered":"<p>Rechtsenglisch\u00a0 in der Metropolregion Rhein-Neckar Sie sind Jurist(in) und m\u00f6chten international arbeiten? Sie sind in der Wirtschaft t\u00e4tig und wollen in Rechtsfragen mit Partnern international kompetent korrespondieren und verhandeln k\u00f6nnen? Sie m\u00f6chten Rechtsenglisch erlernen oder Ihre vorhandenen Kenntnisse vertiefen? Sie&hellip; <\/p>\n","protected":false},"author":1,"featured_media":0,"parent":0,"menu_order":0,"comment_status":"closed","ping_status":"closed","template":"page-template-contact.php","meta":[],"_links":{"self":[{"href":"http:\/\/english-for-law.eu\/index.php?rest_route=\/wp\/v2\/pages\/174"}],"collection":[{"href":"http:\/\/english-for-law.eu\/index.php?rest_route=\/wp\/v2\/pages"}],"about":[{"href":"http:\/\/english-for-law.eu\/index.php?rest_route=\/wp\/v2\/types\/page"}],"author":[{"embeddable":true,"href":"http:\/\/english-for-law.eu\/index.php?rest_route=\/wp\/v2\/users\/1"}],"replies":[{"embeddable":true,"href":"http:\/\/english-for-law.eu\/index.php?rest_route=%2Fwp%2Fv2%2Fcomments&post=174"}],"version-history":[{"count":1,"href":"http:\/\/english-for-law.eu\/index.php?rest_route=\/wp\/v2\/pages\/174\/revisions"}],"predecessor-version":[{"id":211,"href":"http:\/\/english-for-law.eu\/index.php?rest_route=\/wp\/v2\/pages\/174\/revisions\/211"}],"wp:attachment":[{"href":"http:\/\/english-for-law.eu\/index.php?rest_route=%2Fwp%2Fv2%2Fmedia&parent=174"}],"curies":[{"name":"wp","href":"https:\/\/api.w.org\/{rel}","templated":true}]}}